{"id":1005,"date":"2024-07-23T16:11:00","date_gmt":"2024-07-23T14:11:00","guid":{"rendered":"http:\/\/localhost:8001\/?page_id=1005"},"modified":"2025-06-04T14:46:01","modified_gmt":"2025-06-04T12:46:01","slug":"operativny-leasing","status":"publish","type":"page","link":"https:\/\/autoniq.sk\/en\/operativny-leasing\/","title":{"rendered":"Operat\u00edvny leasing"},"content":{"rendered":"<p>S operat\u00edvnym leasingom si m\u00f4\u017eete dopria\u0165 v\u017edy to lep\u0161ie. Vyme\u0148te svoje s\u00fa\u010dasn\u00e9 auto za nov\u00e9 a u\u017e\u00edvajte si to, \u017ee nemus\u00edte rie\u0161i\u0165, \u010do s va\u0161\u00edm star\u00fdm urob\u00edte.<\/p>","protected":false},"excerpt":{"rendered":"S operat\u00edvnym leasingom si m\u00f4\u017eete dopria\u0165 v\u017edy to lep\u0161ie. Vyme\u0148te svoje s\u00fa\u010dasn\u00e9 auto za nov\u00e9 a u\u017e\u00edvajte si to, \u017ee nemus\u00edte rie\u0161i\u0165, \u010do s va\u0161\u00edm star\u00fdm urob\u00edte.","protected":false},"author":1,"featured_media":0,"parent":0,"menu_order":0,"comment_status":"closed","ping_status":"closed","template":"template-prenajom-aut.php","meta":{"_acf_changed":false,"footnotes":""},"class_list":["post-1005","page","type-page","status-publish","hentry"],"acf":[],"yoast_head":"<!-- This site is optimized with the Yoast SEO plugin v26.9 - https:\/\/yoast.com\/product\/yoast-seo-wordpress\/ -->\n<title>Operat\u00edvny leasing - Autoniq<\/title>\n<meta name=\"robots\" content=\"index, follow, max-snippet:-1, max-image-preview:large, max-video-preview:-1\" \/>\n<link rel=\"canonical\" href=\"https:\/\/autoniq.sk\/en\/operativny-leasing\/\" \/>\n<meta property=\"og:locale\" content=\"en_US\" \/>\n<meta property=\"og:type\" content=\"article\" \/>\n<meta property=\"og:title\" content=\"Operat\u00edvny leasing - Autoniq\" \/>\n<meta property=\"og:description\" content=\"S operat\u00edvnym leasingom si m\u00f4\u017eete dopria\u0165 v\u017edy to lep\u0161ie. Vyme\u0148te svoje s\u00fa\u010dasn\u00e9 auto za nov\u00e9 a u\u017e\u00edvajte si to, \u017ee nemus\u00edte rie\u0161i\u0165, \u010do s va\u0161\u00edm star\u00fdm urob\u00edte.\" \/>\n<meta property=\"og:url\" content=\"https:\/\/autoniq.sk\/en\/operativny-leasing\/\" \/>\n<meta property=\"og:site_name\" content=\"Autoniq\" \/>\n<meta property=\"article:publisher\" content=\"https:\/\/www.facebook.com\/profile.php?id=61565000942063\" \/>\n<meta property=\"article:modified_time\" content=\"2025-06-04T12:46:01+00:00\" \/>\n<meta name=\"twitter:card\" content=\"summary_large_image\" \/>\n<meta name=\"twitter:site\" content=\"@autoniq_sk\" \/>\n<meta name=\"twitter:label1\" content=\"Est. reading time\" \/>\n\t<meta name=\"twitter:data1\" content=\"1 minute\" \/>\n<script type=\"application\/ld+json\" class=\"yoast-schema-graph\">{\"@context\":\"https:\/\/schema.org\",\"@graph\":[{\"@type\":\"WebPage\",\"@id\":\"https:\/\/autoniq.sk\/operativny-leasing\/\",\"url\":\"https:\/\/autoniq.sk\/operativny-leasing\/\",\"name\":\"Operat\u00edvny leasing - Autoniq\",\"isPartOf\":{\"@id\":\"https:\/\/autoniq.sk\/#website\"},\"datePublished\":\"2024-07-23T14:11:00+00:00\",\"dateModified\":\"2025-06-04T12:46:01+00:00\",\"breadcrumb\":{\"@id\":\"https:\/\/autoniq.sk\/operativny-leasing\/#breadcrumb\"},\"inLanguage\":\"en-US\",\"potentialAction\":[{\"@type\":\"ReadAction\",\"target\":[\"https:\/\/autoniq.sk\/operativny-leasing\/\"]}]},{\"@type\":\"BreadcrumbList\",\"@id\":\"https:\/\/autoniq.sk\/operativny-leasing\/#breadcrumb\",\"itemListElement\":[{\"@type\":\"ListItem\",\"position\":1,\"name\":\"Domovsk\u00e1 str\u00e1nka\",\"item\":\"https:\/\/autoniq.sk\/\"},{\"@type\":\"ListItem\",\"position\":2,\"name\":\"Operat\u00edvny leasing\"}]},{\"@type\":\"WebSite\",\"@id\":\"https:\/\/autoniq.sk\/#website\",\"url\":\"https:\/\/autoniq.sk\/\",\"name\":\"Autoniq\",\"description\":\"Vyberte si z viac ne\u017e 50 000 \u00e1ut!\",\"potentialAction\":[{\"@type\":\"SearchAction\",\"target\":{\"@type\":\"EntryPoint\",\"urlTemplate\":\"https:\/\/autoniq.sk\/?s={search_term_string}\"},\"query-input\":{\"@type\":\"PropertyValueSpecification\",\"valueRequired\":true,\"valueName\":\"search_term_string\"}}],\"inLanguage\":\"en-US\"}]}<\/script>\n<!-- \/ Yoast SEO plugin. -->","yoast_head_json":{"title":"Operat\u00edvny leasing - Autoniq","robots":{"index":"index","follow":"follow","max-snippet":"max-snippet:-1","max-image-preview":"max-image-preview:large","max-video-preview":"max-video-preview:-1"},"canonical":"https:\/\/autoniq.sk\/en\/operativny-leasing\/","og_locale":"en_US","og_type":"article","og_title":"Operat\u00edvny leasing - Autoniq","og_description":"S operat\u00edvnym leasingom si m\u00f4\u017eete dopria\u0165 v\u017edy to lep\u0161ie. Vyme\u0148te svoje s\u00fa\u010dasn\u00e9 auto za nov\u00e9 a u\u017e\u00edvajte si to, \u017ee nemus\u00edte rie\u0161i\u0165, \u010do s va\u0161\u00edm star\u00fdm urob\u00edte.","og_url":"https:\/\/autoniq.sk\/en\/operativny-leasing\/","og_site_name":"Autoniq","article_publisher":"https:\/\/www.facebook.com\/profile.php?id=61565000942063","article_modified_time":"2025-06-04T12:46:01+00:00","twitter_card":"summary_large_image","twitter_site":"@autoniq_sk","twitter_misc":{"Est. reading time":"1 minute"},"schema":{"@context":"https:\/\/schema.org","@graph":[{"@type":"WebPage","@id":"https:\/\/autoniq.sk\/operativny-leasing\/","url":"https:\/\/autoniq.sk\/operativny-leasing\/","name":"Operat\u00edvny leasing - Autoniq","isPartOf":{"@id":"https:\/\/autoniq.sk\/#website"},"datePublished":"2024-07-23T14:11:00+00:00","dateModified":"2025-06-04T12:46:01+00:00","breadcrumb":{"@id":"https:\/\/autoniq.sk\/operativny-leasing\/#breadcrumb"},"inLanguage":"en-US","potentialAction":[{"@type":"ReadAction","target":["https:\/\/autoniq.sk\/operativny-leasing\/"]}]},{"@type":"BreadcrumbList","@id":"https:\/\/autoniq.sk\/operativny-leasing\/#breadcrumb","itemListElement":[{"@type":"ListItem","position":1,"name":"Domovsk\u00e1 str\u00e1nka","item":"https:\/\/autoniq.sk\/"},{"@type":"ListItem","position":2,"name":"Operat\u00edvny leasing"}]},{"@type":"WebSite","@id":"https:\/\/autoniq.sk\/#website","url":"https:\/\/autoniq.sk\/","name":"Autoniq","description":"Vyberte si z viac ne\u017e 50 000 \u00e1ut!","potentialAction":[{"@type":"SearchAction","target":{"@type":"EntryPoint","urlTemplate":"https:\/\/autoniq.sk\/?s={search_term_string}"},"query-input":{"@type":"PropertyValueSpecification","valueRequired":true,"valueName":"search_term_string"}}],"inLanguage":"en-US"}]}},"_links":{"self":[{"href":"https:\/\/autoniq.sk\/en\/wp-json\/wp\/v2\/pages\/1005","targetHints":{"allow":["GET"]}}],"collection":[{"href":"https:\/\/autoniq.sk\/en\/wp-json\/wp\/v2\/pages"}],"about":[{"href":"https:\/\/autoniq.sk\/en\/wp-json\/wp\/v2\/types\/page"}],"author":[{"embeddable":true,"href":"https:\/\/autoniq.sk\/en\/wp-json\/wp\/v2\/users\/1"}],"replies":[{"embeddable":true,"href":"https:\/\/autoniq.sk\/en\/wp-json\/wp\/v2\/comments?post=1005"}],"version-history":[{"count":12,"href":"https:\/\/autoniq.sk\/en\/wp-json\/wp\/v2\/pages\/1005\/revisions"}],"predecessor-version":[{"id":6049,"href":"https:\/\/autoniq.sk\/en\/wp-json\/wp\/v2\/pages\/1005\/revisions\/6049"}],"wp:attachment":[{"href":"https:\/\/autoniq.sk\/en\/wp-json\/wp\/v2\/media?parent=1005"}],"curies":[{"name":"wp","href":"https:\/\/api.w.org\/{rel}","templated":true}]}}