{"id":3870,"date":"2024-09-24T09:42:05","date_gmt":"2024-09-24T07:42:05","guid":{"rendered":"https:\/\/autoniq.sk\/?page_id=3870"},"modified":"2024-09-27T08:30:31","modified_gmt":"2024-09-27T06:30:31","slug":"thank-you","status":"publish","type":"page","link":"https:\/\/autoniq.sk\/en\/thank-you\/","title":{"rendered":"Thank you page"},"content":{"rendered":"<div class=\"thank-you-page-wrapper\">\n<h1>\u010eakujeme. Spr\u00e1va bola odoslan\u00e1.<\/h1>\n<p>Va\u0161a spr\u00e1va bola \u00faspe\u0161ne odoslan\u00e1. Budeme v\u00e1s kontaktova\u0165 do 24 hod\u00edn.<\/p>\n<p>&nbsp;<\/p>\n<p>&nbsp;<\/p>\n<p>&nbsp;<\/p>\n<p><img loading=\"lazy\" decoding=\"async\" class=\"wp-image-3873 aligncenter img-fluid\" style=\"text-align: center;\" src=\"https:\/\/autoniq.sk\/wp-content\/uploads\/2024\/09\/check-circle.svg\" alt=\"\" width=\"150\" height=\"150\" \/><\/p>\n<\/div>","protected":false},"excerpt":{"rendered":"\u010eakujeme. Spr\u00e1va bola odoslan\u00e1. Va\u0161a spr\u00e1va bola \u00faspe\u0161ne odoslan\u00e1. Budeme v\u00e1s kontaktova\u0165 do 24 hod\u00edn. &nbsp; &nbsp; &nbsp;","protected":false},"author":1,"featured_media":0,"parent":0,"menu_order":0,"comment_status":"closed","ping_status":"closed","template":"","meta":{"_acf_changed":false,"footnotes":""},"class_list":["post-3870","page","type-page","status-publish","hentry"],"acf":[],"yoast_head":"<!-- This site is optimized with the Yoast SEO plugin v26.9 - https:\/\/yoast.com\/product\/yoast-seo-wordpress\/ -->\n<title>Thank you page - Autoniq<\/title>\n<meta name=\"robots\" content=\"index, follow, max-snippet:-1, max-image-preview:large, max-video-preview:-1\" \/>\n<link rel=\"canonical\" href=\"https:\/\/autoniq.sk\/en\/thank-you\/\" \/>\n<meta property=\"og:locale\" content=\"en_US\" \/>\n<meta property=\"og:type\" content=\"article\" \/>\n<meta property=\"og:title\" content=\"Thank you page - Autoniq\" \/>\n<meta property=\"og:description\" content=\"\u010eakujeme. Spr\u00e1va bola odoslan\u00e1. Va\u0161a spr\u00e1va bola \u00faspe\u0161ne odoslan\u00e1. Budeme v\u00e1s kontaktova\u0165 do 24 hod\u00edn. &nbsp; &nbsp; &nbsp;\" \/>\n<meta property=\"og:url\" content=\"https:\/\/autoniq.sk\/en\/thank-you\/\" \/>\n<meta property=\"og:site_name\" content=\"Autoniq\" \/>\n<meta property=\"article:publisher\" content=\"https:\/\/www.facebook.com\/profile.php?id=61565000942063\" \/>\n<meta property=\"article:modified_time\" content=\"2024-09-27T06:30:31+00:00\" \/>\n<meta property=\"og:image\" content=\"https:\/\/autoniq.sk\/wp-content\/uploads\/2024\/09\/check-circle.svg\" \/>\n<meta name=\"twitter:card\" content=\"summary_large_image\" \/>\n<meta name=\"twitter:site\" content=\"@autoniq_sk\" \/>\n<meta name=\"twitter:label1\" content=\"Est. reading time\" \/>\n\t<meta name=\"twitter:data1\" content=\"1 minute\" \/>\n<script type=\"application\/ld+json\" class=\"yoast-schema-graph\">{\"@context\":\"https:\/\/schema.org\",\"@graph\":[{\"@type\":\"WebPage\",\"@id\":\"https:\/\/autoniq.sk\/thank-you\/\",\"url\":\"https:\/\/autoniq.sk\/thank-you\/\",\"name\":\"Thank you page - Autoniq\",\"isPartOf\":{\"@id\":\"https:\/\/autoniq.sk\/#website\"},\"primaryImageOfPage\":{\"@id\":\"https:\/\/autoniq.sk\/thank-you\/#primaryimage\"},\"image\":{\"@id\":\"https:\/\/autoniq.sk\/thank-you\/#primaryimage\"},\"thumbnailUrl\":\"https:\/\/autoniq.sk\/wp-content\/uploads\/2024\/09\/check-circle.svg\",\"datePublished\":\"2024-09-24T07:42:05+00:00\",\"dateModified\":\"2024-09-27T06:30:31+00:00\",\"breadcrumb\":{\"@id\":\"https:\/\/autoniq.sk\/thank-you\/#breadcrumb\"},\"inLanguage\":\"en-US\",\"potentialAction\":[{\"@type\":\"ReadAction\",\"target\":[\"https:\/\/autoniq.sk\/thank-you\/\"]}]},{\"@type\":\"ImageObject\",\"inLanguage\":\"en-US\",\"@id\":\"https:\/\/autoniq.sk\/thank-you\/#primaryimage\",\"url\":\"https:\/\/autoniq.sk\/wp-content\/uploads\/2024\/09\/check-circle.svg\",\"contentUrl\":\"https:\/\/autoniq.sk\/wp-content\/uploads\/2024\/09\/check-circle.svg\"},{\"@type\":\"BreadcrumbList\",\"@id\":\"https:\/\/autoniq.sk\/thank-you\/#breadcrumb\",\"itemListElement\":[{\"@type\":\"ListItem\",\"position\":1,\"name\":\"Domovsk\u00e1 str\u00e1nka\",\"item\":\"https:\/\/autoniq.sk\/\"},{\"@type\":\"ListItem\",\"position\":2,\"name\":\"Thank you page\"}]},{\"@type\":\"WebSite\",\"@id\":\"https:\/\/autoniq.sk\/#website\",\"url\":\"https:\/\/autoniq.sk\/\",\"name\":\"Autoniq\",\"description\":\"Vyberte si z viac ne\u017e 50 000 \u00e1ut!\",\"potentialAction\":[{\"@type\":\"SearchAction\",\"target\":{\"@type\":\"EntryPoint\",\"urlTemplate\":\"https:\/\/autoniq.sk\/?s={search_term_string}\"},\"query-input\":{\"@type\":\"PropertyValueSpecification\",\"valueRequired\":true,\"valueName\":\"search_term_string\"}}],\"inLanguage\":\"en-US\"}]}<\/script>\n<!-- \/ Yoast SEO plugin. -->","yoast_head_json":{"title":"Thank you page - Autoniq","robots":{"index":"index","follow":"follow","max-snippet":"max-snippet:-1","max-image-preview":"max-image-preview:large","max-video-preview":"max-video-preview:-1"},"canonical":"https:\/\/autoniq.sk\/en\/thank-you\/","og_locale":"en_US","og_type":"article","og_title":"Thank you page - Autoniq","og_description":"\u010eakujeme. Spr\u00e1va bola odoslan\u00e1. Va\u0161a spr\u00e1va bola \u00faspe\u0161ne odoslan\u00e1. Budeme v\u00e1s kontaktova\u0165 do 24 hod\u00edn. &nbsp; &nbsp; &nbsp;","og_url":"https:\/\/autoniq.sk\/en\/thank-you\/","og_site_name":"Autoniq","article_publisher":"https:\/\/www.facebook.com\/profile.php?id=61565000942063","article_modified_time":"2024-09-27T06:30:31+00:00","og_image":[{"url":"https:\/\/autoniq.sk\/wp-content\/uploads\/2024\/09\/check-circle.svg","type":"","width":"","height":""}],"twitter_card":"summary_large_image","twitter_site":"@autoniq_sk","twitter_misc":{"Est. reading time":"1 minute"},"schema":{"@context":"https:\/\/schema.org","@graph":[{"@type":"WebPage","@id":"https:\/\/autoniq.sk\/thank-you\/","url":"https:\/\/autoniq.sk\/thank-you\/","name":"Thank you page - Autoniq","isPartOf":{"@id":"https:\/\/autoniq.sk\/#website"},"primaryImageOfPage":{"@id":"https:\/\/autoniq.sk\/thank-you\/#primaryimage"},"image":{"@id":"https:\/\/autoniq.sk\/thank-you\/#primaryimage"},"thumbnailUrl":"https:\/\/autoniq.sk\/wp-content\/uploads\/2024\/09\/check-circle.svg","datePublished":"2024-09-24T07:42:05+00:00","dateModified":"2024-09-27T06:30:31+00:00","breadcrumb":{"@id":"https:\/\/autoniq.sk\/thank-you\/#breadcrumb"},"inLanguage":"en-US","potentialAction":[{"@type":"ReadAction","target":["https:\/\/autoniq.sk\/thank-you\/"]}]},{"@type":"ImageObject","inLanguage":"en-US","@id":"https:\/\/autoniq.sk\/thank-you\/#primaryimage","url":"https:\/\/autoniq.sk\/wp-content\/uploads\/2024\/09\/check-circle.svg","contentUrl":"https:\/\/autoniq.sk\/wp-content\/uploads\/2024\/09\/check-circle.svg"},{"@type":"BreadcrumbList","@id":"https:\/\/autoniq.sk\/thank-you\/#breadcrumb","itemListElement":[{"@type":"ListItem","position":1,"name":"Domovsk\u00e1 str\u00e1nka","item":"https:\/\/autoniq.sk\/"},{"@type":"ListItem","position":2,"name":"Thank you page"}]},{"@type":"WebSite","@id":"https:\/\/autoniq.sk\/#website","url":"https:\/\/autoniq.sk\/","name":"Autoniq","description":"Vyberte si z viac ne\u017e 50 000 \u00e1ut!","potentialAction":[{"@type":"SearchAction","target":{"@type":"EntryPoint","urlTemplate":"https:\/\/autoniq.sk\/?s={search_term_string}"},"query-input":{"@type":"PropertyValueSpecification","valueRequired":true,"valueName":"search_term_string"}}],"inLanguage":"en-US"}]}},"_links":{"self":[{"href":"https:\/\/autoniq.sk\/en\/wp-json\/wp\/v2\/pages\/3870","targetHints":{"allow":["GET"]}}],"collection":[{"href":"https:\/\/autoniq.sk\/en\/wp-json\/wp\/v2\/pages"}],"about":[{"href":"https:\/\/autoniq.sk\/en\/wp-json\/wp\/v2\/types\/page"}],"author":[{"embeddable":true,"href":"https:\/\/autoniq.sk\/en\/wp-json\/wp\/v2\/users\/1"}],"replies":[{"embeddable":true,"href":"https:\/\/autoniq.sk\/en\/wp-json\/wp\/v2\/comments?post=3870"}],"version-history":[{"count":23,"href":"https:\/\/autoniq.sk\/en\/wp-json\/wp\/v2\/pages\/3870\/revisions"}],"predecessor-version":[{"id":4054,"href":"https:\/\/autoniq.sk\/en\/wp-json\/wp\/v2\/pages\/3870\/revisions\/4054"}],"wp:attachment":[{"href":"https:\/\/autoniq.sk\/en\/wp-json\/wp\/v2\/media?parent=3870"}],"curies":[{"name":"wp","href":"https:\/\/api.w.org\/{rel}","templated":true}]}}