{"id":466,"date":"2024-07-07T15:51:52","date_gmt":"2024-07-07T13:51:52","guid":{"rendered":"http:\/\/localhost:8001\/?page_id=466"},"modified":"2025-08-08T13:37:15","modified_gmt":"2025-08-08T11:37:15","slug":"zakaznicke-centrum","status":"publish","type":"page","link":"https:\/\/autoniq.sk\/en\/zakaznicke-centrum\/","title":{"rendered":"Z\u00e1kazn\u00edcke centrum"},"content":{"rendered":"<p>M\u00e1te nejak\u00e9 ot\u00e1zky, alebo n\u00e1s chcete pochv\u00e1li\u0165 \u010di pos\u0165a\u017eova\u0165 sa? Sme tu pre v\u00e1s ka\u017ed\u00fd de\u0148 od XX do XX.<\/p>\n<p>Zastihnete n\u00e1s aj na telef\u00f3ne XXX XXXX XXXX alebo e-maile zakaznickecentrum@autoniq.sk.<\/p>","protected":false},"excerpt":{"rendered":"M\u00e1te nejak\u00e9 ot\u00e1zky, alebo n\u00e1s chcete pochv\u00e1li\u0165 \u010di pos\u0165a\u017eova\u0165 sa? Sme tu pre v\u00e1s ka\u017ed\u00fd de\u0148 od XX do XX. Zastihnete n\u00e1s aj na telef\u00f3ne XXX XXXX XXXX alebo e-maile zakaznickecentrum@autoniq.sk.","protected":false},"author":1,"featured_media":0,"parent":0,"menu_order":0,"comment_status":"closed","ping_status":"closed","template":"template-kontakty.php","meta":{"_acf_changed":false,"footnotes":""},"class_list":["post-466","page","type-page","status-publish","hentry"],"acf":[],"yoast_head":"<!-- This site is optimized with the Yoast SEO plugin v26.9 - https:\/\/yoast.com\/product\/yoast-seo-wordpress\/ -->\n<title>Z\u00e1kazn\u00edcke centrum - Autoniq<\/title>\n<meta name=\"robots\" content=\"index, follow, max-snippet:-1, max-image-preview:large, max-video-preview:-1\" \/>\n<link rel=\"canonical\" href=\"https:\/\/autoniq.sk\/en\/zakaznicke-centrum\/\" \/>\n<meta property=\"og:locale\" content=\"en_US\" \/>\n<meta property=\"og:type\" content=\"article\" \/>\n<meta property=\"og:title\" content=\"Z\u00e1kazn\u00edcke centrum - Autoniq\" \/>\n<meta property=\"og:description\" content=\"M\u00e1te nejak\u00e9 ot\u00e1zky, alebo n\u00e1s chcete pochv\u00e1li\u0165 \u010di pos\u0165a\u017eova\u0165 sa? Sme tu pre v\u00e1s ka\u017ed\u00fd de\u0148 od XX do XX. Zastihnete n\u00e1s aj na telef\u00f3ne XXX XXXX XXXX alebo e-maile zakaznickecentrum@autoniq.sk.\" \/>\n<meta property=\"og:url\" content=\"https:\/\/autoniq.sk\/en\/zakaznicke-centrum\/\" \/>\n<meta property=\"og:site_name\" content=\"Autoniq\" \/>\n<meta property=\"article:publisher\" content=\"https:\/\/www.facebook.com\/profile.php?id=61565000942063\" \/>\n<meta property=\"article:modified_time\" content=\"2025-08-08T11:37:15+00:00\" \/>\n<meta name=\"twitter:card\" content=\"summary_large_image\" \/>\n<meta name=\"twitter:site\" content=\"@autoniq_sk\" \/>\n<meta name=\"twitter:label1\" content=\"Est. reading time\" \/>\n\t<meta name=\"twitter:data1\" content=\"1 minute\" \/>\n<script type=\"application\/ld+json\" class=\"yoast-schema-graph\">{\"@context\":\"https:\/\/schema.org\",\"@graph\":[{\"@type\":\"WebPage\",\"@id\":\"https:\/\/autoniq.sk\/zakaznicke-centrum\/\",\"url\":\"https:\/\/autoniq.sk\/zakaznicke-centrum\/\",\"name\":\"Z\u00e1kazn\u00edcke centrum - Autoniq\",\"isPartOf\":{\"@id\":\"https:\/\/autoniq.sk\/#website\"},\"datePublished\":\"2024-07-07T13:51:52+00:00\",\"dateModified\":\"2025-08-08T11:37:15+00:00\",\"breadcrumb\":{\"@id\":\"https:\/\/autoniq.sk\/zakaznicke-centrum\/#breadcrumb\"},\"inLanguage\":\"en-US\",\"potentialAction\":[{\"@type\":\"ReadAction\",\"target\":[\"https:\/\/autoniq.sk\/zakaznicke-centrum\/\"]}]},{\"@type\":\"BreadcrumbList\",\"@id\":\"https:\/\/autoniq.sk\/zakaznicke-centrum\/#breadcrumb\",\"itemListElement\":[{\"@type\":\"ListItem\",\"position\":1,\"name\":\"Domovsk\u00e1 str\u00e1nka\",\"item\":\"https:\/\/autoniq.sk\/\"},{\"@type\":\"ListItem\",\"position\":2,\"name\":\"Z\u00e1kazn\u00edcke centrum\"}]},{\"@type\":\"WebSite\",\"@id\":\"https:\/\/autoniq.sk\/#website\",\"url\":\"https:\/\/autoniq.sk\/\",\"name\":\"Autoniq\",\"description\":\"Vyberte si z viac ne\u017e 50 000 \u00e1ut!\",\"potentialAction\":[{\"@type\":\"SearchAction\",\"target\":{\"@type\":\"EntryPoint\",\"urlTemplate\":\"https:\/\/autoniq.sk\/?s={search_term_string}\"},\"query-input\":{\"@type\":\"PropertyValueSpecification\",\"valueRequired\":true,\"valueName\":\"search_term_string\"}}],\"inLanguage\":\"en-US\"}]}<\/script>\n<!-- \/ Yoast SEO plugin. -->","yoast_head_json":{"title":"Z\u00e1kazn\u00edcke centrum - Autoniq","robots":{"index":"index","follow":"follow","max-snippet":"max-snippet:-1","max-image-preview":"max-image-preview:large","max-video-preview":"max-video-preview:-1"},"canonical":"https:\/\/autoniq.sk\/en\/zakaznicke-centrum\/","og_locale":"en_US","og_type":"article","og_title":"Z\u00e1kazn\u00edcke centrum - Autoniq","og_description":"M\u00e1te nejak\u00e9 ot\u00e1zky, alebo n\u00e1s chcete pochv\u00e1li\u0165 \u010di pos\u0165a\u017eova\u0165 sa? Sme tu pre v\u00e1s ka\u017ed\u00fd de\u0148 od XX do XX. Zastihnete n\u00e1s aj na telef\u00f3ne XXX XXXX XXXX alebo e-maile zakaznickecentrum@autoniq.sk.","og_url":"https:\/\/autoniq.sk\/en\/zakaznicke-centrum\/","og_site_name":"Autoniq","article_publisher":"https:\/\/www.facebook.com\/profile.php?id=61565000942063","article_modified_time":"2025-08-08T11:37:15+00:00","twitter_card":"summary_large_image","twitter_site":"@autoniq_sk","twitter_misc":{"Est. reading time":"1 minute"},"schema":{"@context":"https:\/\/schema.org","@graph":[{"@type":"WebPage","@id":"https:\/\/autoniq.sk\/zakaznicke-centrum\/","url":"https:\/\/autoniq.sk\/zakaznicke-centrum\/","name":"Z\u00e1kazn\u00edcke centrum - Autoniq","isPartOf":{"@id":"https:\/\/autoniq.sk\/#website"},"datePublished":"2024-07-07T13:51:52+00:00","dateModified":"2025-08-08T11:37:15+00:00","breadcrumb":{"@id":"https:\/\/autoniq.sk\/zakaznicke-centrum\/#breadcrumb"},"inLanguage":"en-US","potentialAction":[{"@type":"ReadAction","target":["https:\/\/autoniq.sk\/zakaznicke-centrum\/"]}]},{"@type":"BreadcrumbList","@id":"https:\/\/autoniq.sk\/zakaznicke-centrum\/#breadcrumb","itemListElement":[{"@type":"ListItem","position":1,"name":"Domovsk\u00e1 str\u00e1nka","item":"https:\/\/autoniq.sk\/"},{"@type":"ListItem","position":2,"name":"Z\u00e1kazn\u00edcke centrum"}]},{"@type":"WebSite","@id":"https:\/\/autoniq.sk\/#website","url":"https:\/\/autoniq.sk\/","name":"Autoniq","description":"Vyberte si z viac ne\u017e 50 000 \u00e1ut!","potentialAction":[{"@type":"SearchAction","target":{"@type":"EntryPoint","urlTemplate":"https:\/\/autoniq.sk\/?s={search_term_string}"},"query-input":{"@type":"PropertyValueSpecification","valueRequired":true,"valueName":"search_term_string"}}],"inLanguage":"en-US"}]}},"_links":{"self":[{"href":"https:\/\/autoniq.sk\/en\/wp-json\/wp\/v2\/pages\/466","targetHints":{"allow":["GET"]}}],"collection":[{"href":"https:\/\/autoniq.sk\/en\/wp-json\/wp\/v2\/pages"}],"about":[{"href":"https:\/\/autoniq.sk\/en\/wp-json\/wp\/v2\/types\/page"}],"author":[{"embeddable":true,"href":"https:\/\/autoniq.sk\/en\/wp-json\/wp\/v2\/users\/1"}],"replies":[{"embeddable":true,"href":"https:\/\/autoniq.sk\/en\/wp-json\/wp\/v2\/comments?post=466"}],"version-history":[{"count":12,"href":"https:\/\/autoniq.sk\/en\/wp-json\/wp\/v2\/pages\/466\/revisions"}],"predecessor-version":[{"id":6065,"href":"https:\/\/autoniq.sk\/en\/wp-json\/wp\/v2\/pages\/466\/revisions\/6065"}],"wp:attachment":[{"href":"https:\/\/autoniq.sk\/en\/wp-json\/wp\/v2\/media?parent=466"}],"curies":[{"name":"wp","href":"https:\/\/api.w.org\/{rel}","templated":true}]}}