{"id":857,"date":"2024-07-20T16:40:50","date_gmt":"2024-07-20T14:40:50","guid":{"rendered":"http:\/\/localhost:8001\/?page_id=857"},"modified":"2025-02-25T15:57:59","modified_gmt":"2025-02-25T14:57:59","slug":"sprostredkovanie-poistenia","status":"publish","type":"page","link":"https:\/\/autoniq.sk\/en\/sprostredkovanie-poistenia\/","title":{"rendered":"Sprostredkovanie poistenia"},"content":{"rendered":"<p>Ka\u017ed\u00e9 auto potrebuje poistenie. Minim\u00e1lne Povinn\u00e9 Zmluvn\u00e9 Poistenie (PZP) a ide\u00e1lne aj havarijn\u00e9 poistenie. S obomi v\u00e1m pom\u00f4\u017eeme. Na\u0161i partneri v\u00e1m odporu\u010dia najv\u00fdhodnej\u0161ie poistenia a uzatvoria ich s vami. Tak m\u00f4\u017eete spokojne od\u00eds\u0165 na cesty.<\/p>","protected":false},"excerpt":{"rendered":"Ka\u017ed\u00e9 auto potrebuje poistenie. Minim\u00e1lne Povinn\u00e9 Zmluvn\u00e9 Poistenie (PZP) a ide\u00e1lne aj havarijn\u00e9 poistenie. S obomi v\u00e1m pom\u00f4\u017eeme. Na\u0161i partneri v\u00e1m odporu\u010dia najv\u00fdhodnej\u0161ie poistenia a uzatvoria ich s vami. Tak m\u00f4\u017eete spokojne od\u00eds\u0165 na cesty.","protected":false},"author":1,"featured_media":0,"parent":0,"menu_order":0,"comment_status":"closed","ping_status":"closed","template":"template-financovanie.php","meta":{"_acf_changed":false,"footnotes":""},"class_list":["post-857","page","type-page","status-publish","hentry"],"acf":[],"yoast_head":"<!-- This site is optimized with the Yoast SEO plugin v26.9 - https:\/\/yoast.com\/product\/yoast-seo-wordpress\/ -->\n<title>Sprostredkovanie poistenia - Autoniq<\/title>\n<meta name=\"robots\" content=\"index, follow, max-snippet:-1, max-image-preview:large, max-video-preview:-1\" \/>\n<link rel=\"canonical\" href=\"https:\/\/autoniq.sk\/en\/sprostredkovanie-poistenia\/\" \/>\n<meta property=\"og:locale\" content=\"en_US\" \/>\n<meta property=\"og:type\" content=\"article\" \/>\n<meta property=\"og:title\" content=\"Sprostredkovanie poistenia - Autoniq\" \/>\n<meta property=\"og:description\" content=\"Ka\u017ed\u00e9 auto potrebuje poistenie. Minim\u00e1lne Povinn\u00e9 Zmluvn\u00e9 Poistenie (PZP) a ide\u00e1lne aj havarijn\u00e9 poistenie. S obomi v\u00e1m pom\u00f4\u017eeme. Na\u0161i partneri v\u00e1m odporu\u010dia najv\u00fdhodnej\u0161ie poistenia a uzatvoria ich s vami. Tak m\u00f4\u017eete spokojne od\u00eds\u0165 na cesty.\" \/>\n<meta property=\"og:url\" content=\"https:\/\/autoniq.sk\/en\/sprostredkovanie-poistenia\/\" \/>\n<meta property=\"og:site_name\" content=\"Autoniq\" \/>\n<meta property=\"article:publisher\" content=\"https:\/\/www.facebook.com\/profile.php?id=61565000942063\" \/>\n<meta property=\"article:modified_time\" content=\"2025-02-25T14:57:59+00:00\" \/>\n<meta name=\"twitter:card\" content=\"summary_large_image\" \/>\n<meta name=\"twitter:site\" content=\"@autoniq_sk\" \/>\n<meta name=\"twitter:label1\" content=\"Est. reading time\" \/>\n\t<meta name=\"twitter:data1\" content=\"1 minute\" \/>\n<script type=\"application\/ld+json\" class=\"yoast-schema-graph\">{\"@context\":\"https:\/\/schema.org\",\"@graph\":[{\"@type\":\"WebPage\",\"@id\":\"https:\/\/autoniq.sk\/sprostredkovanie-poistenia\/\",\"url\":\"https:\/\/autoniq.sk\/sprostredkovanie-poistenia\/\",\"name\":\"Sprostredkovanie poistenia - Autoniq\",\"isPartOf\":{\"@id\":\"https:\/\/autoniq.sk\/#website\"},\"datePublished\":\"2024-07-20T14:40:50+00:00\",\"dateModified\":\"2025-02-25T14:57:59+00:00\",\"breadcrumb\":{\"@id\":\"https:\/\/autoniq.sk\/sprostredkovanie-poistenia\/#breadcrumb\"},\"inLanguage\":\"en-US\",\"potentialAction\":[{\"@type\":\"ReadAction\",\"target\":[\"https:\/\/autoniq.sk\/sprostredkovanie-poistenia\/\"]}]},{\"@type\":\"BreadcrumbList\",\"@id\":\"https:\/\/autoniq.sk\/sprostredkovanie-poistenia\/#breadcrumb\",\"itemListElement\":[{\"@type\":\"ListItem\",\"position\":1,\"name\":\"Domovsk\u00e1 str\u00e1nka\",\"item\":\"https:\/\/autoniq.sk\/\"},{\"@type\":\"ListItem\",\"position\":2,\"name\":\"Sprostredkovanie poistenia\"}]},{\"@type\":\"WebSite\",\"@id\":\"https:\/\/autoniq.sk\/#website\",\"url\":\"https:\/\/autoniq.sk\/\",\"name\":\"Autoniq\",\"description\":\"Vyberte si z viac ne\u017e 50 000 \u00e1ut!\",\"potentialAction\":[{\"@type\":\"SearchAction\",\"target\":{\"@type\":\"EntryPoint\",\"urlTemplate\":\"https:\/\/autoniq.sk\/?s={search_term_string}\"},\"query-input\":{\"@type\":\"PropertyValueSpecification\",\"valueRequired\":true,\"valueName\":\"search_term_string\"}}],\"inLanguage\":\"en-US\"}]}<\/script>\n<!-- \/ Yoast SEO plugin. -->","yoast_head_json":{"title":"Sprostredkovanie poistenia - Autoniq","robots":{"index":"index","follow":"follow","max-snippet":"max-snippet:-1","max-image-preview":"max-image-preview:large","max-video-preview":"max-video-preview:-1"},"canonical":"https:\/\/autoniq.sk\/en\/sprostredkovanie-poistenia\/","og_locale":"en_US","og_type":"article","og_title":"Sprostredkovanie poistenia - Autoniq","og_description":"Ka\u017ed\u00e9 auto potrebuje poistenie. Minim\u00e1lne Povinn\u00e9 Zmluvn\u00e9 Poistenie (PZP) a ide\u00e1lne aj havarijn\u00e9 poistenie. S obomi v\u00e1m pom\u00f4\u017eeme. Na\u0161i partneri v\u00e1m odporu\u010dia najv\u00fdhodnej\u0161ie poistenia a uzatvoria ich s vami. Tak m\u00f4\u017eete spokojne od\u00eds\u0165 na cesty.","og_url":"https:\/\/autoniq.sk\/en\/sprostredkovanie-poistenia\/","og_site_name":"Autoniq","article_publisher":"https:\/\/www.facebook.com\/profile.php?id=61565000942063","article_modified_time":"2025-02-25T14:57:59+00:00","twitter_card":"summary_large_image","twitter_site":"@autoniq_sk","twitter_misc":{"Est. reading time":"1 minute"},"schema":{"@context":"https:\/\/schema.org","@graph":[{"@type":"WebPage","@id":"https:\/\/autoniq.sk\/sprostredkovanie-poistenia\/","url":"https:\/\/autoniq.sk\/sprostredkovanie-poistenia\/","name":"Sprostredkovanie poistenia - Autoniq","isPartOf":{"@id":"https:\/\/autoniq.sk\/#website"},"datePublished":"2024-07-20T14:40:50+00:00","dateModified":"2025-02-25T14:57:59+00:00","breadcrumb":{"@id":"https:\/\/autoniq.sk\/sprostredkovanie-poistenia\/#breadcrumb"},"inLanguage":"en-US","potentialAction":[{"@type":"ReadAction","target":["https:\/\/autoniq.sk\/sprostredkovanie-poistenia\/"]}]},{"@type":"BreadcrumbList","@id":"https:\/\/autoniq.sk\/sprostredkovanie-poistenia\/#breadcrumb","itemListElement":[{"@type":"ListItem","position":1,"name":"Domovsk\u00e1 str\u00e1nka","item":"https:\/\/autoniq.sk\/"},{"@type":"ListItem","position":2,"name":"Sprostredkovanie poistenia"}]},{"@type":"WebSite","@id":"https:\/\/autoniq.sk\/#website","url":"https:\/\/autoniq.sk\/","name":"Autoniq","description":"Vyberte si z viac ne\u017e 50 000 \u00e1ut!","potentialAction":[{"@type":"SearchAction","target":{"@type":"EntryPoint","urlTemplate":"https:\/\/autoniq.sk\/?s={search_term_string}"},"query-input":{"@type":"PropertyValueSpecification","valueRequired":true,"valueName":"search_term_string"}}],"inLanguage":"en-US"}]}},"_links":{"self":[{"href":"https:\/\/autoniq.sk\/en\/wp-json\/wp\/v2\/pages\/857","targetHints":{"allow":["GET"]}}],"collection":[{"href":"https:\/\/autoniq.sk\/en\/wp-json\/wp\/v2\/pages"}],"about":[{"href":"https:\/\/autoniq.sk\/en\/wp-json\/wp\/v2\/types\/page"}],"author":[{"embeddable":true,"href":"https:\/\/autoniq.sk\/en\/wp-json\/wp\/v2\/users\/1"}],"replies":[{"embeddable":true,"href":"https:\/\/autoniq.sk\/en\/wp-json\/wp\/v2\/comments?post=857"}],"version-history":[{"count":10,"href":"https:\/\/autoniq.sk\/en\/wp-json\/wp\/v2\/pages\/857\/revisions"}],"predecessor-version":[{"id":5713,"href":"https:\/\/autoniq.sk\/en\/wp-json\/wp\/v2\/pages\/857\/revisions\/5713"}],"wp:attachment":[{"href":"https:\/\/autoniq.sk\/en\/wp-json\/wp\/v2\/media?parent=857"}],"curies":[{"name":"wp","href":"https:\/\/api.w.org\/{rel}","templated":true}]}}