{"id":939,"date":"2024-07-23T13:32:23","date_gmt":"2024-07-23T11:32:23","guid":{"rendered":"http:\/\/localhost:8001\/?page_id=939"},"modified":"2025-10-15T15:58:47","modified_gmt":"2025-10-15T13:58:47","slug":"kto-sme-a-preco-kupit-auto-u-nas","status":"publish","type":"page","link":"https:\/\/autoniq.sk\/en\/kto-sme-a-preco-kupit-auto-u-nas\/","title":{"rendered":"Kto sme a pre\u010do k\u00fapi\u0165 auto u n\u00e1s"},"content":{"rendered":"","protected":false},"excerpt":{"rendered":"","protected":false},"author":1,"featured_media":0,"parent":0,"menu_order":0,"comment_status":"closed","ping_status":"closed","template":"template-o-nas.php","meta":{"_acf_changed":false,"footnotes":""},"class_list":["post-939","page","type-page","status-publish","hentry"],"acf":[],"yoast_head":"<!-- This site is optimized with the Yoast SEO plugin v26.9 - https:\/\/yoast.com\/product\/yoast-seo-wordpress\/ -->\n<title>Kto sme a pre\u010do k\u00fapi\u0165 auto u n\u00e1s - Autoniq<\/title>\n<meta name=\"robots\" content=\"index, follow, max-snippet:-1, max-image-preview:large, max-video-preview:-1\" \/>\n<link rel=\"canonical\" href=\"https:\/\/autoniq.sk\/en\/kto-sme-a-preco-kupit-auto-u-nas\/\" \/>\n<meta property=\"og:locale\" content=\"en_US\" \/>\n<meta property=\"og:type\" content=\"article\" \/>\n<meta property=\"og:title\" content=\"Kto sme a pre\u010do k\u00fapi\u0165 auto u n\u00e1s - Autoniq\" \/>\n<meta property=\"og:url\" content=\"https:\/\/autoniq.sk\/en\/kto-sme-a-preco-kupit-auto-u-nas\/\" \/>\n<meta property=\"og:site_name\" content=\"Autoniq\" \/>\n<meta property=\"article:publisher\" content=\"https:\/\/www.facebook.com\/profile.php?id=61565000942063\" \/>\n<meta property=\"article:modified_time\" content=\"2025-10-15T13:58:47+00:00\" \/>\n<meta name=\"twitter:card\" content=\"summary_large_image\" \/>\n<meta name=\"twitter:site\" content=\"@autoniq_sk\" \/>\n<script type=\"application\/ld+json\" class=\"yoast-schema-graph\">{\"@context\":\"https:\/\/schema.org\",\"@graph\":[{\"@type\":\"WebPage\",\"@id\":\"https:\/\/autoniq.sk\/kto-sme-a-preco-kupit-auto-u-nas\/\",\"url\":\"https:\/\/autoniq.sk\/kto-sme-a-preco-kupit-auto-u-nas\/\",\"name\":\"Kto sme a pre\u010do k\u00fapi\u0165 auto u n\u00e1s - Autoniq\",\"isPartOf\":{\"@id\":\"https:\/\/autoniq.sk\/#website\"},\"datePublished\":\"2024-07-23T11:32:23+00:00\",\"dateModified\":\"2025-10-15T13:58:47+00:00\",\"breadcrumb\":{\"@id\":\"https:\/\/autoniq.sk\/kto-sme-a-preco-kupit-auto-u-nas\/#breadcrumb\"},\"inLanguage\":\"en-US\",\"potentialAction\":[{\"@type\":\"ReadAction\",\"target\":[\"https:\/\/autoniq.sk\/kto-sme-a-preco-kupit-auto-u-nas\/\"]}]},{\"@type\":\"BreadcrumbList\",\"@id\":\"https:\/\/autoniq.sk\/kto-sme-a-preco-kupit-auto-u-nas\/#breadcrumb\",\"itemListElement\":[{\"@type\":\"ListItem\",\"position\":1,\"name\":\"Domovsk\u00e1 str\u00e1nka\",\"item\":\"https:\/\/autoniq.sk\/\"},{\"@type\":\"ListItem\",\"position\":2,\"name\":\"Kto sme a pre\u010do k\u00fapi\u0165 auto u n\u00e1s\"}]},{\"@type\":\"WebSite\",\"@id\":\"https:\/\/autoniq.sk\/#website\",\"url\":\"https:\/\/autoniq.sk\/\",\"name\":\"Autoniq\",\"description\":\"Vyberte si z viac ne\u017e 50 000 \u00e1ut!\",\"potentialAction\":[{\"@type\":\"SearchAction\",\"target\":{\"@type\":\"EntryPoint\",\"urlTemplate\":\"https:\/\/autoniq.sk\/?s={search_term_string}\"},\"query-input\":{\"@type\":\"PropertyValueSpecification\",\"valueRequired\":true,\"valueName\":\"search_term_string\"}}],\"inLanguage\":\"en-US\"}]}<\/script>\n<!-- \/ Yoast SEO plugin. -->","yoast_head_json":{"title":"Kto sme a pre\u010do k\u00fapi\u0165 auto u n\u00e1s - Autoniq","robots":{"index":"index","follow":"follow","max-snippet":"max-snippet:-1","max-image-preview":"max-image-preview:large","max-video-preview":"max-video-preview:-1"},"canonical":"https:\/\/autoniq.sk\/en\/kto-sme-a-preco-kupit-auto-u-nas\/","og_locale":"en_US","og_type":"article","og_title":"Kto sme a pre\u010do k\u00fapi\u0165 auto u n\u00e1s - Autoniq","og_url":"https:\/\/autoniq.sk\/en\/kto-sme-a-preco-kupit-auto-u-nas\/","og_site_name":"Autoniq","article_publisher":"https:\/\/www.facebook.com\/profile.php?id=61565000942063","article_modified_time":"2025-10-15T13:58:47+00:00","twitter_card":"summary_large_image","twitter_site":"@autoniq_sk","schema":{"@context":"https:\/\/schema.org","@graph":[{"@type":"WebPage","@id":"https:\/\/autoniq.sk\/kto-sme-a-preco-kupit-auto-u-nas\/","url":"https:\/\/autoniq.sk\/kto-sme-a-preco-kupit-auto-u-nas\/","name":"Kto sme a pre\u010do k\u00fapi\u0165 auto u n\u00e1s - Autoniq","isPartOf":{"@id":"https:\/\/autoniq.sk\/#website"},"datePublished":"2024-07-23T11:32:23+00:00","dateModified":"2025-10-15T13:58:47+00:00","breadcrumb":{"@id":"https:\/\/autoniq.sk\/kto-sme-a-preco-kupit-auto-u-nas\/#breadcrumb"},"inLanguage":"en-US","potentialAction":[{"@type":"ReadAction","target":["https:\/\/autoniq.sk\/kto-sme-a-preco-kupit-auto-u-nas\/"]}]},{"@type":"BreadcrumbList","@id":"https:\/\/autoniq.sk\/kto-sme-a-preco-kupit-auto-u-nas\/#breadcrumb","itemListElement":[{"@type":"ListItem","position":1,"name":"Domovsk\u00e1 str\u00e1nka","item":"https:\/\/autoniq.sk\/"},{"@type":"ListItem","position":2,"name":"Kto sme a pre\u010do k\u00fapi\u0165 auto u n\u00e1s"}]},{"@type":"WebSite","@id":"https:\/\/autoniq.sk\/#website","url":"https:\/\/autoniq.sk\/","name":"Autoniq","description":"Vyberte si z viac ne\u017e 50 000 \u00e1ut!","potentialAction":[{"@type":"SearchAction","target":{"@type":"EntryPoint","urlTemplate":"https:\/\/autoniq.sk\/?s={search_term_string}"},"query-input":{"@type":"PropertyValueSpecification","valueRequired":true,"valueName":"search_term_string"}}],"inLanguage":"en-US"}]}},"_links":{"self":[{"href":"https:\/\/autoniq.sk\/en\/wp-json\/wp\/v2\/pages\/939","targetHints":{"allow":["GET"]}}],"collection":[{"href":"https:\/\/autoniq.sk\/en\/wp-json\/wp\/v2\/pages"}],"about":[{"href":"https:\/\/autoniq.sk\/en\/wp-json\/wp\/v2\/types\/page"}],"author":[{"embeddable":true,"href":"https:\/\/autoniq.sk\/en\/wp-json\/wp\/v2\/users\/1"}],"replies":[{"embeddable":true,"href":"https:\/\/autoniq.sk\/en\/wp-json\/wp\/v2\/comments?post=939"}],"version-history":[{"count":24,"href":"https:\/\/autoniq.sk\/en\/wp-json\/wp\/v2\/pages\/939\/revisions"}],"predecessor-version":[{"id":6258,"href":"https:\/\/autoniq.sk\/en\/wp-json\/wp\/v2\/pages\/939\/revisions\/6258"}],"wp:attachment":[{"href":"https:\/\/autoniq.sk\/en\/wp-json\/wp\/v2\/media?parent=939"}],"curies":[{"name":"wp","href":"https:\/\/api.w.org\/{rel}","templated":true}]}}